{"id":747,"date":"2018-03-29T13:23:09","date_gmt":"2018-03-29T13:23:09","guid":{"rendered":"http:\/\/www.saxofonmusic.eu\/?page_id=747"},"modified":"2024-01-12T21:40:26","modified_gmt":"2024-01-12T21:40:26","slug":"noten-fuer-blasorchester-2","status":"publish","type":"page","link":"http:\/\/www.saxofonmusic.eu\/?page_id=747","title":{"rendered":"Noten f\u00fcr Blasorchester"},"content":{"rendered":"\n<div class=\"wp-block-group\"><div class=\"wp-block-group__inner-container is-layout-flow wp-block-group-is-layout-flow\">\n<div class=\"wp-block-group\"><div class=\"wp-block-group__inner-container is-layout-flow wp-block-group-is-layout-flow\">\n<p>Auf dieser Seite k\u00f6nnen Sie zahlreiche Arrangements und Kompositionen f\u00fcr Blasorchester erwerben. <strong>Klicken<\/strong> Sie auf die Titel um die jeweilige Aufnahme zu h\u00f6ren. <strong>Klicken<\/strong> Sie auf das Notenblatt um das jeweilige Notenbeispiel zu sehen. Sie k\u00f6nnen die Noten \u00fcber PAYPAL bezahlen und bekommen dann das St\u00fcck umgehend als PDF-Datei per E-Mail zugesandt. Vergessen Sie nicht, uns die richtige E-Mail-Adresse mitzuteilen! Achtung: Keine gedruckten Noten, kein Postversand!<\/p>\n\n\n\n<h4 class=\"wp-block-heading\">Beispiele<\/h4>\n\n\n\n<p><strong>Industrieviertelfanfare (Helmut Strobl)<\/strong><br>Symph. Blasorchester &#8211; Unkonventionelles aber eindrucksvolles Er\u00f6ffnungsst\u00fcck.<br>Erh\u00e4ltlich auch \u00fcber den Verlag JOHHANN KLIMENT KG, A-1090 Wien, Kolingasse 15&nbsp; &#8211; <a rel=\"noreferrer noopener\" href=\"http:\/\/www.strobl.cc\/cms\/uploads\/pdf\/industrieviertelfanfareklarinette.pdf\" target=\"_blank\">Beispiel pdf<\/a><br>Preis als Druck 80,-&nbsp;&nbsp; Bestellung per <a href=\"mailto:music@strobl.cc\">email<\/a><\/p>\n\n\n\n<p><strong>Weihnachtsmusik f\u00fcr Blasorchester<\/strong><br><strong>Es wird scho glei dumpa (Trad. \u00d6sterreich) <\/strong>&#8211; <a rel=\"noreferrer noopener\" href=\"http:\/\/www.strobl.cc\/cms\/uploads\/pdf\/dumpa.pdf\" target=\"_blank\">Beispiel pdf<\/a><br>Preis zum Download \u20ac 15,- &nbsp;&nbsp; Bestellung per <a href=\"mailto:music@strobl.cc\">email<\/a><\/p>\n\n\n\n<p><strong>Gelieferte Stimmen (Weihnachtsmusik)<\/strong><\/p>\n\n\n\n<ul class=\"wp-block-list\">\n<li>Fl\u00f6te, Oboe, Fagott in C<\/li>\n\n\n\n<li>Klarinette in Es, 1-3.. Klarinette in Bb, Bassklarinette in Bb<\/li>\n\n\n\n<li>1. u. 2. Altsaxophon in Es, Tenorsaxophon in Bb, Baritonsaxophon in Es<\/li>\n\n\n\n<li>1. u. 2. Trompete\/Fl\u00fcgelhorn in Bb&lt;<\/li>\n\n\n\n<li>1. Tenorhorn in Bb, Euphonium in Bb und C<\/li>\n\n\n\n<li>1. u. 2. Horn in F und Es<\/li>\n\n\n\n<li>1. u. 2. Posaune in C und Bb<\/li>\n\n\n\n<li>1. u. 2. Bass in C, Bass in Eb und Bb<\/li>\n\n\n\n<li>Direktionsstimme in Bb<\/li>\n<\/ul>\n\n\n\n<p>alle Preise inkl. 10% USt.<\/p>\n\n\n\n<figure class=\"wp-block-audio\"><audio controls src=\"http:\/\/www.saxofonmusic.eu\/wp-content\/uploads\/2020\/11\/Yesterday.mp3\"><\/audio><figcaption class=\"wp-element-caption\"><img loading=\"lazy\" decoding=\"async\" width=\"81\" height=\"105\" class=\"wp-image-595\" style=\"width: 81px;\" src=\"http:\/\/www.saxofonmusic.eu\/wp-content\/uploads\/2018\/03\/thYO5DS9JR.jpg\" alt=\"\" srcset=\"http:\/\/www.saxofonmusic.eu\/wp-content\/uploads\/2018\/03\/thYO5DS9JR.jpg 474w, http:\/\/www.saxofonmusic.eu\/wp-content\/uploads\/2018\/03\/thYO5DS9JR-230x300.jpg 230w\" sizes=\"auto, (max-width: 81px) 100vw, 81px\" \/><\/figcaption><\/figure>\n\n\n\n<p><\/p>\n<\/div><\/div>\n<\/div><\/div>\n\n\n<\/p>\n<div id=\"pagewrapper\">\n<div id=\"content\">\n<div id=\"main\">\n<table border=\"0\" width=\"818\" cellspacing=\"0\" cellpadding=\"0\">\n<tbody>\n<tr>\n<td valign=\"top\" width=\"378\"><strong class=\"rot\">1. Deep in My Soul,<\/strong> <strong>Slow Blues, 2AS\/2TS\/BS, leicht\/easy<\/strong><\/p>\n<audio class=\"wp-audio-shortcode\" id=\"audio-747-1\" preload=\"none\" style=\"width: 100%;\" controls=\"controls\"><source type=\"audio\/mpeg\" src=\"http:\/\/www.strobl.cc\/cms\/uploads\/media\/deepinmysoul_1.mp3?_=1\" \/><a href=\"http:\/\/www.strobl.cc\/cms\/uploads\/media\/deepinmysoul_1.mp3\">http:\/\/www.strobl.cc\/cms\/uploads\/media\/deepinmysoul_1.mp3<\/a><\/audio>\n<\/td>\n<td valign=\"top\" width=\"50\">\n<p><a href=\"http:\/\/www.strobl.cc\/cms\/uploads\/pdf\/deepinmysoulsoprano.pdf\" target=\"_blank\" rel=\"noopener noreferrer\"><img loading=\"lazy\" decoding=\"async\" class=\"aligncenter\" src=\"http:\/\/www.strobl.cc\/cms\/uploads\/strobl\/images\/thumb_notenblatt.gif\" alt=\"\" width=\"40\" height=\"60\" \/><\/a><\/p>\n<\/td>\n<td valign=\"top\" width=\"50\">\n<p><a href=\"http:\/\/www.strobl.cc\/cms\/uploads\/pdf\/deepinmysoul.pdf\" target=\"_blank\" rel=\"noopener noreferrer\"><img loading=\"lazy\" decoding=\"async\" class=\"aligncenter\" src=\"http:\/\/www.strobl.cc\/cms\/uploads\/strobl\/images\/thumb_notenblatt.gif\" alt=\"\" width=\"40\" height=\"60\" \/><\/a><\/p>\n<\/td>\n<td valign=\"top\" width=\"57\">\n<p><strong>\u20ac15,00<\/strong><\/p>\n<\/td>\n<td valign=\"top\" width=\"113\">\n<form action=\"https:\/\/www.paypal.com\/cgi-bin\/webscr\" method=\"post\" target=\"_top\"><input alt=\"Jetzt einfach, schnell und sicher online bezahlen \u2013 mit PayPal.\" name=\"submit\" src=\"https:\/\/www.paypalobjects.com\/de_DE\/AT\/i\/btn\/btn_buynowCC_LG.gif\" type=\"image\" \/><br \/><img loading=\"lazy\" decoding=\"async\" src=\"https:\/\/www.paypalobjects.com\/de_DE\/i\/scr\/pixel.gif\" alt=\"\" width=\"1\" height=\"1\" border=\"0\" \/><\/form>\n<\/td>\n<\/tr>\n<tr>\n<td valign=\"top\" width=\"378\"><strong class=\"rot\">2. Ride the Chariot,\u00a0<\/strong><strong>Spiritual, 2AS\/2TS\/BS, leicht\/easy<\/strong><\/p>\n<audio class=\"wp-audio-shortcode\" id=\"audio-747-2\" preload=\"none\" style=\"width: 100%;\" controls=\"controls\"><source type=\"audio\/mpeg\" src=\"http:\/\/www.strobl.cc\/cms\/uploads\/media\/Chariot.mp3?_=2\" \/><a href=\"http:\/\/www.strobl.cc\/cms\/uploads\/media\/Chariot.mp3\">http:\/\/www.strobl.cc\/cms\/uploads\/media\/Chariot.mp3<\/a><\/audio>\n<\/td>\n<td valign=\"top\" width=\"38\">\n<p><a href=\"http:\/\/www.strobl.cc\/cms\/uploads\/pdf\/ridethechariotbari.pdf\" target=\"_blank\" rel=\"noopener noreferrer\"><img loading=\"lazy\" decoding=\"async\" class=\"aligncenter\" src=\"http:\/\/www.strobl.cc\/cms\/uploads\/strobl\/images\/thumb_notenblatt.gif\" alt=\"\" width=\"40\" height=\"60\" \/><\/a><\/p>\n<\/td>\n<td valign=\"top\" width=\"38\">\n<p><a href=\"http:\/\/www.strobl.cc\/cms\/uploads\/pdf\/ridethechariot.pdf\" target=\"_blank\" rel=\"noopener noreferrer\"><img loading=\"lazy\" decoding=\"async\" class=\"aligncenter\" src=\"http:\/\/www.strobl.cc\/cms\/uploads\/strobl\/images\/thumb_notenblatt.gif\" alt=\"\" width=\"40\" height=\"60\" \/><\/a><\/p>\n<\/td>\n<td valign=\"top\" width=\"57\">\n<p><strong>\u20ac15,00<\/strong><\/p>\n<\/td>\n<td valign=\"top\" width=\"113\">\n<form action=\"https:\/\/www.paypal.com\/cgi-bin\/webscr\" method=\"post\" target=\"_top\"><input alt=\"Jetzt einfach, schnell und sicher online bezahlen \u2013 mit PayPal.\" name=\"submit\" src=\"https:\/\/www.paypalobjects.com\/de_DE\/AT\/i\/btn\/btn_buynowCC_LG.gif\" type=\"image\" \/><br \/><img loading=\"lazy\" decoding=\"async\" src=\"https:\/\/www.paypalobjects.com\/de_DE\/i\/scr\/pixel.gif\" alt=\"\" width=\"1\" height=\"1\" border=\"0\" \/><\/form>\n<\/td>\n<\/tr>\n<tr>\n<td valign=\"top\" width=\"378\"><strong class=\"rot\">3. Joshua Fit The Battle Of Jericho<\/strong><span class=\"rot\">,<\/span> <strong>Spiritual, 2AS\/2TS\/BS, mittel\/medium<\/strong><\/p>\n<audio class=\"wp-audio-shortcode\" id=\"audio-747-3\" preload=\"none\" style=\"width: 100%;\" controls=\"controls\"><source type=\"audio\/mpeg\" src=\"http:\/\/www.strobl.cc\/cms\/uploads\/media\/Joshua.mp3?_=3\" \/><a href=\"http:\/\/www.strobl.cc\/cms\/uploads\/media\/Joshua.mp3\">http:\/\/www.strobl.cc\/cms\/uploads\/media\/Joshua.mp3<\/a><\/audio>\n<\/td>\n<td valign=\"top\" width=\"38\">\n<p><a href=\"http:\/\/www.strobl.cc\/cms\/uploads\/pdf\/joshuaalto.pdf\" target=\"_blank\" rel=\"noopener noreferrer\"><img loading=\"lazy\" decoding=\"async\" class=\"aligncenter\" src=\"http:\/\/www.strobl.cc\/cms\/uploads\/strobl\/images\/thumb_notenblatt.gif\" alt=\"\" width=\"40\" height=\"60\" \/><\/a><\/p>\n<\/td>\n<td valign=\"top\" width=\"38\">\n<p><a href=\"http:\/\/www.strobl.cc\/cms\/uploads\/pdf\/joshua.pdf\" target=\"_blank\" rel=\"noopener noreferrer\"><img loading=\"lazy\" decoding=\"async\" class=\"aligncenter\" src=\"http:\/\/www.strobl.cc\/cms\/uploads\/strobl\/images\/thumb_notenblatt.gif\" alt=\"\" width=\"40\" height=\"60\" \/><\/a><\/p>\n<\/td>\n<td valign=\"top\" width=\"57\">\n<p><strong>\u20ac15,00<\/strong><\/p>\n<\/td>\n<td valign=\"top\" width=\"113\">\n<form action=\"https:\/\/www.paypal.com\/cgi-bin\/webscr\" method=\"post\" target=\"_top\"><input alt=\"Jetzt einfach, schnell und sicher online bezahlen \u2013 mit PayPal.\" name=\"submit\" src=\"https:\/\/www.paypalobjects.com\/de_DE\/AT\/i\/btn\/btn_buynowCC_LG.gif\" type=\"image\" \/><br \/><img loading=\"lazy\" decoding=\"async\" src=\"https:\/\/www.paypalobjects.com\/de_DE\/i\/scr\/pixel.gif\" alt=\"\" width=\"1\" height=\"1\" border=\"0\" \/><\/form>\n<\/td>\n<\/tr>\n<tr>\n<td valign=\"top\" width=\"378\"><strong class=\"rot\">4. Let Us Go In Peace<\/strong><span class=\"rot\">, <\/span><strong>Spiritual, 2AS\/2TS\/BS, mittel\/medium<\/strong><\/p>\n<audio class=\"wp-audio-shortcode\" id=\"audio-747-4\" preload=\"none\" style=\"width: 100%;\" controls=\"controls\"><source type=\"audio\/mpeg\" src=\"http:\/\/www.strobl.cc\/cms\/uploads\/media\/letusgoinpeace.mp3?_=4\" \/><a href=\"http:\/\/www.strobl.cc\/cms\/uploads\/media\/letusgoinpeace.mp3\">http:\/\/www.strobl.cc\/cms\/uploads\/media\/letusgoinpeace.mp3<\/a><\/audio>\n<\/td>\n<td valign=\"top\" width=\"38\">\n<p><a href=\"http:\/\/www.strobl.cc\/cms\/uploads\/pdf\/Letusgoinpeaceas1.pdf\" target=\"_blank\" rel=\"noopener noreferrer\"><img loading=\"lazy\" decoding=\"async\" class=\"aligncenter\" src=\"http:\/\/www.strobl.cc\/cms\/uploads\/strobl\/images\/thumb_notenblatt.gif\" alt=\"\" width=\"40\" height=\"60\" \/><\/a><\/p>\n<\/td>\n<td valign=\"top\" width=\"38\">\n<p><a href=\"http:\/\/www.strobl.cc\/cms\/uploads\/pdf\/LetusgoinpeaceP.pdf\" target=\"_blank\" rel=\"noopener noreferrer\"><img loading=\"lazy\" decoding=\"async\" class=\"aligncenter\" src=\"http:\/\/www.strobl.cc\/cms\/uploads\/strobl\/images\/thumb_notenblatt.gif\" alt=\"\" width=\"40\" height=\"60\" \/><\/a><\/p>\n<\/td>\n<td valign=\"top\" width=\"57\">\n<p><strong>\u20ac15,00<\/strong><\/p>\n<\/td>\n<td valign=\"top\" width=\"113\">\n<form action=\"https:\/\/www.paypal.com\/cgi-bin\/webscr\" method=\"post\" target=\"_top\"><input alt=\"Jetzt einfach, schnell und sicher online bezahlen \u2013 mit PayPal.\" name=\"submit\" src=\"https:\/\/www.paypalobjects.com\/de_DE\/AT\/i\/btn\/btn_buynowCC_LG.gif\" type=\"image\" \/><br \/><img loading=\"lazy\" decoding=\"async\" src=\"https:\/\/www.paypalobjects.com\/de_DE\/i\/scr\/pixel.gif\" alt=\"\" width=\"1\" height=\"1\" border=\"0\" \/><\/form>\n<\/td>\n<\/tr>\n<tr>\n<td valign=\"top\" width=\"378\"><strong class=\"rot\">5. Swing Low, Sweet Chariot<\/strong><span class=\"rot\">,<\/span> <strong>Spiritual, 2AS\/2TS\/BS, leicht\/easy<\/strong><\/p>\n<audio class=\"wp-audio-shortcode\" id=\"audio-747-5\" preload=\"none\" style=\"width: 100%;\" controls=\"controls\"><source type=\"audio\/mpeg\" src=\"http:\/\/www.strobl.cc\/cms\/uploads\/media\/swinglow.mp3?_=5\" \/><a href=\"http:\/\/www.strobl.cc\/cms\/uploads\/media\/swinglow.mp3\">http:\/\/www.strobl.cc\/cms\/uploads\/media\/swinglow.mp3<\/a><\/audio>\n<\/td>\n<td valign=\"top\" width=\"38\">\n<p><a href=\"http:\/\/www.strobl.cc\/cms\/uploads\/pdf\/swinglowalto.pdf\" target=\"_blank\" rel=\"noopener noreferrer\"><img loading=\"lazy\" decoding=\"async\" class=\"aligncenter\" src=\"http:\/\/www.strobl.cc\/cms\/uploads\/strobl\/images\/thumb_notenblatt.gif\" alt=\"\" width=\"40\" height=\"60\" \/><\/a><\/p>\n<\/td>\n<td valign=\"top\" width=\"38\">\n<p><a href=\"http:\/\/www.strobl.cc\/cms\/uploads\/pdf\/swinglow.pdf\" target=\"_blank\" rel=\"noopener noreferrer\"><img loading=\"lazy\" decoding=\"async\" class=\"aligncenter\" src=\"http:\/\/www.strobl.cc\/cms\/uploads\/strobl\/images\/thumb_notenblatt.gif\" alt=\"\" width=\"40\" height=\"60\" \/><\/a><\/p>\n<\/td>\n<td valign=\"top\" width=\"57\">\n<p><strong>\u20ac15,00<\/strong><\/p>\n<\/td>\n<td valign=\"top\" width=\"113\">\n<form action=\"https:\/\/www.paypal.com\/cgi-bin\/webscr\" method=\"post\" target=\"_top\"><input alt=\"Jetzt einfach, schnell und sicher online bezahlen \u2013 mit PayPal.\" name=\"submit\" src=\"https:\/\/www.paypalobjects.com\/de_DE\/AT\/i\/btn\/btn_buynowCC_LG.gif\" type=\"image\" \/><br \/><img loading=\"lazy\" decoding=\"async\" src=\"https:\/\/www.paypalobjects.com\/de_DE\/i\/scr\/pixel.gif\" alt=\"\" width=\"1\" height=\"1\" border=\"0\" \/><\/form>\n<\/td>\n<\/tr>\n<\/tbody>\n<\/table>\n<hr class=\"accessibility\" \/><\/div>\n<\/div>\n<div id=\"footer\">\n<h2><u><\/u><a href=\"http:\/\/www.saxofonmusic.eu\/wp-content\/uploads\/2018\/03\/AGB_Internetshop_neu_2018.pdf\" target=\"_blank\" rel=\"noopener noreferrer\">AGB<\/a><\/h2>\n<\/div>\n<\/div>\n<div id=\"pagewrapper\">\n<div id=\"content\">\n<div id=\"main\">\n<hr class=\"accessibility\" \/><\/div>\n<\/div>\n<div id=\"footer\">\n<h5>\u00a0<a href=\"http:\/\/www.strobl.cc\/\">Zur\u00fcck zu strobl.cc<\/a><\/h5>\n<\/div>\n<\/div>\n<p><a href=\"https:\/\/www.webstat.com\"><img decoding=\"async\" src=\"http:\/\/hits.webstat.com\/scripts\/wsb.php?ac=147684\" alt=\"Website Analytics and Website Statistics by WebSTAT\" border=\"0\" \/><\/a><\/p>\n<p><!-- END WebSTAT Activation Code --><\/p>\n\n\n<p><\/p>\n","protected":false},"excerpt":{"rendered":"<p>Auf dieser Seite k\u00f6nnen Sie zahlreiche Arrangements und Kompositionen f\u00fcr Blasorchester erwerben. Klicken Sie auf die Titel um die jeweilige Aufnahme zu h\u00f6ren. Klicken Sie auf das Notenblatt um das jeweilige Notenbeispiel zu sehen. Sie k\u00f6nnen die Noten \u00fcber PAYPAL <a class=\"read-more\" href=\"http:\/\/www.saxofonmusic.eu\/?page_id=747\">weiterlesen<\/a><\/p>\n","protected":false},"author":1,"featured_media":0,"parent":2,"menu_order":0,"comment_status":"closed","ping_status":"closed","template":"","meta":{"footnotes":""},"class_list":["post-747","page","type-page","status-publish","hentry"],"_links":{"self":[{"href":"http:\/\/www.saxofonmusic.eu\/index.php?rest_route=\/wp\/v2\/pages\/747","targetHints":{"allow":["GET"]}}],"collection":[{"href":"http:\/\/www.saxofonmusic.eu\/index.php?rest_route=\/wp\/v2\/pages"}],"about":[{"href":"http:\/\/www.saxofonmusic.eu\/index.php?rest_route=\/wp\/v2\/types\/page"}],"author":[{"embeddable":true,"href":"http:\/\/www.saxofonmusic.eu\/index.php?rest_route=\/wp\/v2\/users\/1"}],"replies":[{"embeddable":true,"href":"http:\/\/www.saxofonmusic.eu\/index.php?rest_route=%2Fwp%2Fv2%2Fcomments&post=747"}],"version-history":[{"count":20,"href":"http:\/\/www.saxofonmusic.eu\/index.php?rest_route=\/wp\/v2\/pages\/747\/revisions"}],"predecessor-version":[{"id":1593,"href":"http:\/\/www.saxofonmusic.eu\/index.php?rest_route=\/wp\/v2\/pages\/747\/revisions\/1593"}],"up":[{"embeddable":true,"href":"http:\/\/www.saxofonmusic.eu\/index.php?rest_route=\/wp\/v2\/pages\/2"}],"wp:attachment":[{"href":"http:\/\/www.saxofonmusic.eu\/index.php?rest_route=%2Fwp%2Fv2%2Fmedia&parent=747"}],"curies":[{"name":"wp","href":"https:\/\/api.w.org\/{rel}","templated":true}]}}